{"id":13,"date":"2017-01-08T08:19:04","date_gmt":"2017-01-08T08:19:04","guid":{"rendered":"http:\/\/martje-thiesen.de\/?page_id=13"},"modified":"2017-01-08T08:19:04","modified_gmt":"2017-01-08T08:19:04","slug":"schwangerschaft","status":"publish","type":"page","link":"https:\/\/martje-thiesen.de\/?page_id=13","title":{"rendered":"Schwangerschaft"},"content":{"rendered":"<p><strong>Beratung und Hilfe bei Beschwerden in der Schwangerschaft<\/strong><\/p>\n<p class=\"style12\">Ich helfe bei Fragen und eventuellen Problemen:\u00dcbelkeit, niedriger Eisenwert,Wassereinlagerungen, juckende Bauchhaut, Krampfadern, vorzeitigen Wehen und vieles mehr. Zur\u00fcckhaltend mit der Schulmedizin versuchen wir gemeinsam die optimale L\u00f6sung f\u00fcr Dich zu finden, hom\u00f6opathisch, allopathisch, bewu\u00dfte Ern\u00e4hrung und manchmal reicht einfach ein offenes Ohr- zu jeder Zeit&#8230;&#8230;Fu\u00dfreflexzonenmassage komplettiert mein Angebot.<\/p>\n<p class=\"style12\"><strong><span class=\"style3\">Schwangerenvorsorge<\/span><\/strong><\/p>\n<p>Ich f\u00fchre alleine oder im Wechsel mit der Frauen\u00e4rztin alle im Mutterpa\u00df vorgesehenen Vorsorgeuntersuchungen und s\u00e4mtliche Laboruntersuchungen durch.\u00a0 In ruhiger und angenehmer Atmosph\u00e4re, ohne Wartezeit. Partner und Kinder sind\u00a0 immer herzlich willkommen!<br \/>\nGibt es Auff\u00e4lligkeiten, \u00fcberweise ich Dich zu Deiner Frauen\u00e4rztin. Diese Leistung wird nat\u00fcrlich von Deiner Krankenkasse getragen.<\/p>\n<p class=\"style12\"><strong><span class=\"style3\">Moxabehandlung<\/span><\/strong><\/p>\n<p>Die Moxabustion ist eine sanfte Wendungshilfe, wenn das Baby mit dem Po nach unten liegt. Durch gezielte W\u00e4rmebehandlung bestimmter Akupunkturpunkte bekommt das Kind den Impuls, sich von selbst in die f\u00fcr die Geburt optimale Sch\u00e4dellage zu drehen.<\/p>\n<p class=\"style12\"><strong><span class=\"style3\">Fu\u00dfreflexzonenmassage<\/span><\/strong><\/p>\n<p>Am Fu\u00df spiegelt sich der ganze menschliche K\u00f6rper. Durch die Fu\u00dfreflexzonenmassage setze ich bewu\u00dfte Impulse, soda\u00df der K\u00f6rper es alleine schafft wieder ins Lot zu gelangen. Und ganz nebenbei ist es Entspannung pur&#8230;&#8230;<\/p>\n<p class=\"style12\"><strong><span class=\"style3\">Geburtsvorbereitung<\/span><\/strong><\/p>\n<p>Geburtsvorbereitung ist wichtig! W\u00e4hrend dieses Kurses hast Du die M\u00f6glichkeit andere Frauen kennenzulernen und Erfahrungen auszutauschen.<br \/>\nWir haben 6 Termine an denen wir uns gezielt mit der K\u00f6rperwahrnehmung, Atmung und Entspannung, Schwangerschaftsver\u00e4nderungen, unterschiedlichen Geb\u00e4rhaltungen und Massagen, die die Gebutrsarbeit erleichtern, besch\u00e4ftigen. Nat\u00fcrlich gibt es viele Tipps und Informationen rund um das schwanger sein, die Geburt, die erste Zeit mit einem Neugeborenen und seinen Bed\u00fcrfnissen, die Herausforderungen des Elternseins und der Stillzeit.<\/p>\n<p>Zwei Termine ( diese beschlie\u00dfen wir Frauen an unserem 1. Kurstermin) sind offen f\u00fcr die Partner- einmal schauen wir uns gemeinsam und ohne Zeitdruck den Husumer Krei\u00dfsaal an und gehen gemeinsam alle Eventualit\u00e4ten durch- was passiert eigentlich wenn wir mit Wehen im Kreisssaal ankommen? Was f\u00fcr eine Arbeit muss das Kind dabei leisten und wie k\u00f6nnen wir als Eltern unserem Baby diesen Weg durch bestimmete Positionen erleichtern? Welche Alternativen zur PDA gibt es? Wie ist eigentlich so eine Geburt? Dammschnitt oder nicht? Augentropfen? F\u00fcr all diese Fragen ist an diesem Termin Zeit. Ein andernmal arbeiten wir uns in der Praxis zusammen durch die Ver\u00e4nderungen, die das Leben dann zu dritt, zu viert, zu f\u00fcnft&#8230;. so mit sich bringt. Das Abenteuer Familie kann kommen<\/p>\n<p class=\"style12\">Nimm Dir die Zeit f\u00fcr Dich und Dein Baby \u2665!<\/p>\n<p class=\"style12\">Der Kurs ist bei Teilnahme eine Leistung Deiner Krankenkasse- Fehlstunden werden privat in Rechnung gestellt. Die Partnertermine kosten 20 Euro pro Termin- auch hier lohnt es sich bei der Kasse des Mannes nachzufragen.<\/p>\n<p class=\"style12\"><strong>Yoga<\/strong><\/p>\n<p class=\"style12\">In all den Jahren habe ich gemerkt, das die K\u00f6rperarbeit vor lauter Fragen und Unsicherheiten im Geburtsvorbereitungskurs immer weniger Platz findet, gleichzeitig aber so wichtig ist- denn Du musst deinen K\u00f6rper kennen, gleichzeitig Deinen Geist beruhigen, nicht abdriften vor lauter Wucht, die so eine Geburt manchmal sein kann. Bei Dir bleiben. Loslassen und weiteratmen. Akzeptieren, das Dein Baby geboren werden will und : Vertrauen.<\/p>\n<p class=\"style12\">Was das jetzt mit Yoga zu tun hat? Yoga schafft es, versprochen\u2665<\/p>\n<p class=\"style12\">Jeden Donnerstag von 17 bis 18.15 Uhr, fortlaufend. Buchbar in 5 er Bl\u00f6cken a 60 Euro.<\/p>\n<p class=\"style12\">Wenn Du Dich f\u00fcr Hebammenbegleitung oder einzelne Kurse interessierst, dann melde Dich fr\u00fchzeitig- rechtzeitiges Kennenlernen von werdenden Eltern und Hebamme erm\u00f6glichen eine ganzheitliche und vertrauensvolle Begleitung. Zudem ist der Hebammenmangel in Nordfriesland so eklatant, das es kaum ein zu fr\u00fch gibt- melde Dich gerne rechtzeitig!<\/p>\n","protected":false},"excerpt":{"rendered":"<p>Beratung und Hilfe bei Beschwerden in der Schwangerschaft Ich helfe bei Fragen und eventuellen Problemen:\u00dcbelkeit, niedriger Eisenwert,Wassereinlagerungen, juckende Bauchhaut, Krampfadern, vorzeitigen Wehen und vieles mehr. Zur\u00fcckhaltend mit der Schulmedizin versuchen wir gemeinsam die optimale L\u00f6sung f\u00fcr Dich zu finden, hom\u00f6opathisch, allopathisch, bewu\u00dfte Ern\u00e4hrung und manchmal reicht einfach ein offenes Ohr- zu jeder Zeit&#8230;&#8230;Fu\u00dfreflexzonenmassage komplettiert mein [&hellip;]<\/p>\n","protected":false},"author":1,"featured_media":0,"parent":0,"menu_order":0,"comment_status":"closed","ping_status":"closed","template":"","meta":{"footnotes":""},"class_list":["post-13","page","type-page","status-publish","hentry"],"_links":{"self":[{"href":"https:\/\/martje-thiesen.de\/index.php?rest_route=\/wp\/v2\/pages\/13","targetHints":{"allow":["GET"]}}],"collection":[{"href":"https:\/\/martje-thiesen.de\/index.php?rest_route=\/wp\/v2\/pages"}],"about":[{"href":"https:\/\/martje-thiesen.de\/index.php?rest_route=\/wp\/v2\/types\/page"}],"author":[{"embeddable":true,"href":"https:\/\/martje-thiesen.de\/index.php?rest_route=\/wp\/v2\/users\/1"}],"replies":[{"embeddable":true,"href":"https:\/\/martje-thiesen.de\/index.php?rest_route=%2Fwp%2Fv2%2Fcomments&post=13"}],"version-history":[{"count":1,"href":"https:\/\/martje-thiesen.de\/index.php?rest_route=\/wp\/v2\/pages\/13\/revisions"}],"predecessor-version":[{"id":14,"href":"https:\/\/martje-thiesen.de\/index.php?rest_route=\/wp\/v2\/pages\/13\/revisions\/14"}],"wp:attachment":[{"href":"https:\/\/martje-thiesen.de\/index.php?rest_route=%2Fwp%2Fv2%2Fmedia&parent=13"}],"curies":[{"name":"wp","href":"https:\/\/api.w.org\/{rel}","templated":true}]}}