{"id":15,"date":"2017-01-08T08:19:38","date_gmt":"2017-01-08T08:19:38","guid":{"rendered":"http:\/\/martje-thiesen.de\/?page_id=15"},"modified":"2017-01-08T11:26:25","modified_gmt":"2017-01-08T11:26:25","slug":"wochenbett","status":"publish","type":"page","link":"https:\/\/martje-thiesen.de\/?page_id=15","title":{"rendered":"Wochenbett"},"content":{"rendered":"<p>Ich glaube mittlerweile , das keine Zeit krasser- aber auch sch\u00f6ner sein kann, als die Zeit des Wochenbetts.<\/p>\n<p class=\"style8 style4\" align=\"left\">Ist der Fokus in der Schwangerschaft meist nur auf der Geburt, sind viele Frauen \u00fcberrascht,\u00a0 &#8222;wie viele Baustellen man an seinem K\u00f6rper haben kann&#8220; ( O-Ton einer W\u00f6chnerin). In dieser Zeit der Umstellung, des Rhythmus findens, des Zusammenwachsens, begleite ich euch achtsam und einf\u00fchlend und regelm\u00e4ssig. Gerade in den ersten Lebenstagen bin ich t\u00e4glich bei Euch, kontrolliere und unterst\u00fctze die R\u00fcckbildung, das Stillen, das Gedeihen und die Wundheilung. Aber wir Hebammen h\u00f6ren manchmal auch einfach &#8222;nur&#8220; zu- auch das ist wichtig.<\/p>\n<p class=\"style8 style4\" align=\"left\">Frauen, die von mir im Wochenbett begleitet werden m\u00f6chten, sollten sich wirklich fr\u00fchzeitig bei mir melden. Wir vereinbaren dann ein sogenanntes Vorgespr\u00e4ch.<\/p>\n<p class=\"style8 style4\" align=\"left\">Wochenbetten begleite ich von St. Peter- Ording\u00a0 bis Lunden- Friedrichstadt &#8211; Hattstedt.<\/p>\n<p class=\"style8 style4\" align=\"left\">Privatversicherte auf Anfrage auch au\u00dferhalb dieses Gebietes.<\/p>\n<p class=\"style8 style4\" align=\"left\">Leider nicht in Deinem Bereich?\u00a0\u00a0\u00a0 Dann schau einfach unter :<br \/>\n<a href=\"http:\/\/www.hebammen-nordfriesland.de\">www.hebammen-nordfriesland.de<\/a><\/p>\n","protected":false},"excerpt":{"rendered":"<p>Ich glaube mittlerweile , das keine Zeit krasser- aber auch sch\u00f6ner sein kann, als die Zeit des Wochenbetts. Ist der Fokus in der Schwangerschaft meist nur auf der Geburt, sind viele Frauen \u00fcberrascht,\u00a0 &#8222;wie viele Baustellen man an seinem K\u00f6rper haben kann&#8220; ( O-Ton einer W\u00f6chnerin). In dieser Zeit der Umstellung, des Rhythmus findens, des [&hellip;]<\/p>\n","protected":false},"author":1,"featured_media":0,"parent":0,"menu_order":0,"comment_status":"closed","ping_status":"closed","template":"","meta":{"footnotes":""},"class_list":["post-15","page","type-page","status-publish","hentry"],"_links":{"self":[{"href":"https:\/\/martje-thiesen.de\/index.php?rest_route=\/wp\/v2\/pages\/15","targetHints":{"allow":["GET"]}}],"collection":[{"href":"https:\/\/martje-thiesen.de\/index.php?rest_route=\/wp\/v2\/pages"}],"about":[{"href":"https:\/\/martje-thiesen.de\/index.php?rest_route=\/wp\/v2\/types\/page"}],"author":[{"embeddable":true,"href":"https:\/\/martje-thiesen.de\/index.php?rest_route=\/wp\/v2\/users\/1"}],"replies":[{"embeddable":true,"href":"https:\/\/martje-thiesen.de\/index.php?rest_route=%2Fwp%2Fv2%2Fcomments&post=15"}],"version-history":[{"count":2,"href":"https:\/\/martje-thiesen.de\/index.php?rest_route=\/wp\/v2\/pages\/15\/revisions"}],"predecessor-version":[{"id":56,"href":"https:\/\/martje-thiesen.de\/index.php?rest_route=\/wp\/v2\/pages\/15\/revisions\/56"}],"wp:attachment":[{"href":"https:\/\/martje-thiesen.de\/index.php?rest_route=%2Fwp%2Fv2%2Fmedia&parent=15"}],"curies":[{"name":"wp","href":"https:\/\/api.w.org\/{rel}","templated":true}]}}