{"id":4,"date":"2017-01-08T08:01:53","date_gmt":"2017-01-08T08:01:53","guid":{"rendered":"http:\/\/martje-thiesen.de\/?page_id=4"},"modified":"2021-01-13T15:22:14","modified_gmt":"2021-01-13T15:22:14","slug":"willkommen","status":"publish","type":"page","link":"https:\/\/martje-thiesen.de\/","title":{"rendered":"Willkommen"},"content":{"rendered":"<p><strong>Aufgrund der aktuellen Situation biete ich Beratungen bei Bedarf kurzfristig per Telefon oder Skype an. Bei Bedarf melde Dich gerne \u00fcber das Kontaktformular- wir finden einen Weg. Schnell, kompetent und unkompliziert !<\/strong><\/p>\n<p>&#x2665;<\/p>\n<p>Herzlichen Gl\u00fcckwunsch,<\/p>\n<p>das Abenteuer Schwangerschaft hat begonnen und vor Dir liegt eine ganz spannende Zeit.<\/p>\n<p>Tausende von Fragen tun sich auf: Wie bereite ich mich optimal auf die Geburt vor? Was erwartet mich w\u00e4hrend der Schwangerschaft? An wen kann ich mich wenden, wenn Unvorhergesehenes passiert, oder ich einfach unsicher bin? Wo soll mein Kind zur Welt kommen? Wer soll mich dabei begleiten? Wie f\u00fchlen sich wohl Wehen an ? Und schaffe ich das \u00fcberhaupt mit diesen Schmerzen umzugehen? Wie ist wohl die erste Zeit mit einem Neugeborenen? Pflege? Und wenn das mit dem Stillen nicht so klappt wie ich das erhofft habe?<br \/>\n&#8230;und viele, viele Fragen mehr.<br \/>\nF\u00fcr all diese Fragen bin ich gerne da. Ich als Hebamme begleite Dich gerne achtsam und kompetent auf Deinem\/ Eurem Weg.<\/p>\n<p>Herzlichst,<\/p>\n<p>Martje Thiesen<\/p>\n<p><em>Hebammenhilfe kann von jeder Frau zu jeder Zeit in Anspruch genommen- vom Kinderwunsch bis zum Ende der Stillzeit hat eine Frau ein Anrecht auf Hebammenhilfe.<\/em><br \/>\n<em> Die meisten Leistungen werden von den Krankenkassen, Sozial\u00e4mtern und den privaten Kassen getragen und es gibt keine Praxisgeb\u00fchr. F\u00fcr eine vertraute Begleitung solltest Du Dich schnellstm\u00f6glich zu Beginn Deiner Schwangerschaft mit der Hebamme Deiner Wahl in Verbindung setzen- es h\u00f6rt sich immer abstrakt und ungew\u00f6hnlich an, aber wir haben in Nordfriesland Hebammenmangel und zur Zeit viele Geburten!<br \/>\n<\/em><\/p>\n<p><strong>Wochenbettbegleitungen nehme ich ab Entbindungstermin Mitte Oktober\u00a0 2021\u00a0 wieder an, Kurse k\u00f6nnen nat\u00fcrlich unabh\u00e4ngig davon gebucht werden!<\/strong><\/p>\n<p>Kurse k\u00f6nnen von jeder Frau gebucht werden! Schau unter: <strong>aktuelle Kurse<\/strong>&#8211; dort findest du immer die neuesten Entwicklungen und die Kursplanung f\u00fcr Tetenb\u00fcll und Husum<\/p>\n<p><strong>NEU: LILLEMOR auch in Husum in der GLUECKSWERKSTATT Herzog- Adolf Strasse 29 im Hinterhof<br \/>\n<\/strong><\/p>\n<p><a href=\"http:\/\/www.meine-glueckswerkstatt.de\">www.meine-glueckswerkstatt.de<\/a><\/p>\n<p>&nbsp;<\/p>\n","protected":false},"excerpt":{"rendered":"<p>Aufgrund der aktuellen Situation biete ich Beratungen bei Bedarf kurzfristig per Telefon oder Skype an. Bei Bedarf melde Dich gerne \u00fcber das Kontaktformular- wir finden einen Weg. Schnell, kompetent und unkompliziert ! &#x2665; Herzlichen Gl\u00fcckwunsch, das Abenteuer Schwangerschaft hat begonnen und vor Dir liegt eine ganz spannende Zeit. Tausende von Fragen tun sich auf: Wie [&hellip;]<\/p>\n","protected":false},"author":1,"featured_media":0,"parent":0,"menu_order":0,"comment_status":"closed","ping_status":"closed","template":"","meta":{"footnotes":""},"class_list":["post-4","page","type-page","status-publish","hentry"],"_links":{"self":[{"href":"https:\/\/martje-thiesen.de\/index.php?rest_route=\/wp\/v2\/pages\/4","targetHints":{"allow":["GET"]}}],"collection":[{"href":"https:\/\/martje-thiesen.de\/index.php?rest_route=\/wp\/v2\/pages"}],"about":[{"href":"https:\/\/martje-thiesen.de\/index.php?rest_route=\/wp\/v2\/types\/page"}],"author":[{"embeddable":true,"href":"https:\/\/martje-thiesen.de\/index.php?rest_route=\/wp\/v2\/users\/1"}],"replies":[{"embeddable":true,"href":"https:\/\/martje-thiesen.de\/index.php?rest_route=%2Fwp%2Fv2%2Fcomments&post=4"}],"version-history":[{"count":23,"href":"https:\/\/martje-thiesen.de\/index.php?rest_route=\/wp\/v2\/pages\/4\/revisions"}],"predecessor-version":[{"id":248,"href":"https:\/\/martje-thiesen.de\/index.php?rest_route=\/wp\/v2\/pages\/4\/revisions\/248"}],"wp:attachment":[{"href":"https:\/\/martje-thiesen.de\/index.php?rest_route=%2Fwp%2Fv2%2Fmedia&parent=4"}],"curies":[{"name":"wp","href":"https:\/\/api.w.org\/{rel}","templated":true}]}}